{"id":14503,"date":"2026-04-16T02:18:01","date_gmt":"2026-04-16T02:18:01","guid":{"rendered":"https:\/\/exclusiveaddress.shop\/?post_type=product&#038;p=14503"},"modified":"2026-04-16T02:29:35","modified_gmt":"2026-04-16T02:29:35","slug":"toilet-paper-64-rolls-3-ply-cellulose-150-sheets-per-roll-white-2","status":"publish","type":"product","link":"https:\/\/exclusiveaddress.shop\/de\/produkt\/toilet-paper-64-rolls-3-ply-cellulose-150-sheets-per-roll-white-2\/","title":{"rendered":"Toilettenpapier, 64 Rollen, 3-lagig Zellstoff, 150 Blatt pro Rolle, Wei\u00df"},"content":{"rendered":"<div data-elementor-type=\"product-post\" data-elementor-id=\"14503\" class=\"elementor elementor-14503\" data-elementor-post-type=\"product\">\n\t\t\t\t<div class=\"elementor-element elementor-element-4d764c41 e-flex e-con-boxed e-con e-parent\" data-id=\"4d764c41\" data-element_type=\"container\" data-settings=\"{&quot;ekit_has_onepagescroll_dot&quot;:&quot;yes&quot;}\">\n\t\t\t\t\t<div class=\"e-con-inner\">\n\t\t\t\t<div class=\"elementor-element elementor-element-f97464d elementor-widget elementor-widget-image\" data-id=\"f97464d\" data-element_type=\"widget\" data-settings=\"{&quot;ekit_we_effect_on&quot;:&quot;none&quot;}\" data-widget_type=\"image.default\">\n\t\t\t\t<div class=\"elementor-widget-container\">\n\t\t\t\t\t\t\t\t\t\t\t\t\t\t\t<img loading=\"lazy\" decoding=\"async\" width=\"1000\" height=\"1000\" src=\"https:\/\/exclusiveaddress.shop\/wp-content\/uploads\/2026\/04\/Sce036107a3f54359b7719f8cfeb12b66B-1.webp\" class=\"attachment-full size-full wp-image-14505 wvs-archive-product-image\" alt=\"\" srcset=\"https:\/\/exclusiveaddress.shop\/wp-content\/uploads\/2026\/04\/Sce036107a3f54359b7719f8cfeb12b66B-1.webp 1000w, https:\/\/exclusiveaddress.shop\/wp-content\/uploads\/2026\/04\/Sce036107a3f54359b7719f8cfeb12b66B-1-300x300.webp 300w, https:\/\/exclusiveaddress.shop\/wp-content\/uploads\/2026\/04\/Sce036107a3f54359b7719f8cfeb12b66B-1-150x150.webp 150w, https:\/\/exclusiveaddress.shop\/wp-content\/uploads\/2026\/04\/Sce036107a3f54359b7719f8cfeb12b66B-1-768x768.webp 768w, https:\/\/exclusiveaddress.shop\/wp-content\/uploads\/2026\/04\/Sce036107a3f54359b7719f8cfeb12b66B-1-12x12.webp 12w, https:\/\/exclusiveaddress.shop\/wp-content\/uploads\/2026\/04\/Sce036107a3f54359b7719f8cfeb12b66B-1-600x600.webp 600w, https:\/\/exclusiveaddress.shop\/wp-content\/uploads\/2026\/04\/Sce036107a3f54359b7719f8cfeb12b66B-1-100x100.webp 100w, https:\/\/exclusiveaddress.shop\/wp-content\/uploads\/2026\/04\/Sce036107a3f54359b7719f8cfeb12b66B-1-50x50.webp 50w, https:\/\/exclusiveaddress.shop\/wp-content\/uploads\/2026\/04\/Sce036107a3f54359b7719f8cfeb12b66B-1-1x1.webp 1w, https:\/\/exclusiveaddress.shop\/wp-content\/uploads\/2026\/04\/Sce036107a3f54359b7719f8cfeb12b66B-1-10x10.webp 10w\" sizes=\"auto, (max-width: 1000px) 100vw, 1000px\" \/>\t\t\t\t\t\t\t\t\t\t\t\t\t\t\t<\/div>\n\t\t\t\t<\/div>\n\t\t\t\t<div class=\"elementor-element elementor-element-4a894196 elementor-widget elementor-widget-image\" data-id=\"4a894196\" data-element_type=\"widget\" data-settings=\"{&quot;ekit_we_effect_on&quot;:&quot;none&quot;}\" data-widget_type=\"image.default\">\n\t\t\t\t<div class=\"elementor-widget-container\">\n\t\t\t\t\t\t\t\t\t\t\t\t\t\t\t<img loading=\"lazy\" decoding=\"async\" width=\"1181\" height=\"1500\" src=\"https:\/\/exclusiveaddress.shop\/wp-content\/uploads\/2026\/04\/712orICCUoL._AC_SL1500_.webp\" class=\"attachment-full size-full wp-image-14506 wvs-archive-product-image\" alt=\"\" srcset=\"https:\/\/exclusiveaddress.shop\/wp-content\/uploads\/2026\/04\/712orICCUoL._AC_SL1500_.webp 1181w, https:\/\/exclusiveaddress.shop\/wp-content\/uploads\/2026\/04\/712orICCUoL._AC_SL1500_-236x300.webp 236w, https:\/\/exclusiveaddress.shop\/wp-content\/uploads\/2026\/04\/712orICCUoL._AC_SL1500_-806x1024.webp 806w, https:\/\/exclusiveaddress.shop\/wp-content\/uploads\/2026\/04\/712orICCUoL._AC_SL1500_-768x975.webp 768w, https:\/\/exclusiveaddress.shop\/wp-content\/uploads\/2026\/04\/712orICCUoL._AC_SL1500_-9x12.webp 9w, https:\/\/exclusiveaddress.shop\/wp-content\/uploads\/2026\/04\/712orICCUoL._AC_SL1500_-600x762.webp 600w, https:\/\/exclusiveaddress.shop\/wp-content\/uploads\/2026\/04\/712orICCUoL._AC_SL1500_-1x1.webp 1w, https:\/\/exclusiveaddress.shop\/wp-content\/uploads\/2026\/04\/712orICCUoL._AC_SL1500_-8x10.webp 8w\" sizes=\"auto, (max-width: 1181px) 100vw, 1181px\" \/>\t\t\t\t\t\t\t\t\t\t\t\t\t\t\t<\/div>\n\t\t\t\t<\/div>\n\t\t\t\t<div class=\"elementor-element elementor-element-7af68381 elementor-widget elementor-widget-image\" data-id=\"7af68381\" data-element_type=\"widget\" data-settings=\"{&quot;ekit_we_effect_on&quot;:&quot;none&quot;}\" data-widget_type=\"image.default\">\n\t\t\t\t<div class=\"elementor-widget-container\">\n\t\t\t\t\t\t\t\t\t\t\t\t\t\t\t<img loading=\"lazy\" decoding=\"async\" width=\"1500\" height=\"1500\" src=\"https:\/\/exclusiveaddress.shop\/wp-content\/uploads\/2026\/04\/S0fc3210c1fe34c88a45dfc135e543a055.webp\" class=\"attachment-full size-full wp-image-14507 wvs-archive-product-image\" alt=\"\" srcset=\"https:\/\/exclusiveaddress.shop\/wp-content\/uploads\/2026\/04\/S0fc3210c1fe34c88a45dfc135e543a055.webp 1500w, https:\/\/exclusiveaddress.shop\/wp-content\/uploads\/2026\/04\/S0fc3210c1fe34c88a45dfc135e543a055-300x300.webp 300w, https:\/\/exclusiveaddress.shop\/wp-content\/uploads\/2026\/04\/S0fc3210c1fe34c88a45dfc135e543a055-1024x1024.webp 1024w, https:\/\/exclusiveaddress.shop\/wp-content\/uploads\/2026\/04\/S0fc3210c1fe34c88a45dfc135e543a055-150x150.webp 150w, https:\/\/exclusiveaddress.shop\/wp-content\/uploads\/2026\/04\/S0fc3210c1fe34c88a45dfc135e543a055-768x768.webp 768w, https:\/\/exclusiveaddress.shop\/wp-content\/uploads\/2026\/04\/S0fc3210c1fe34c88a45dfc135e543a055-12x12.webp 12w, https:\/\/exclusiveaddress.shop\/wp-content\/uploads\/2026\/04\/S0fc3210c1fe34c88a45dfc135e543a055-600x600.webp 600w, https:\/\/exclusiveaddress.shop\/wp-content\/uploads\/2026\/04\/S0fc3210c1fe34c88a45dfc135e543a055-100x100.webp 100w, https:\/\/exclusiveaddress.shop\/wp-content\/uploads\/2026\/04\/S0fc3210c1fe34c88a45dfc135e543a055-50x50.webp 50w, https:\/\/exclusiveaddress.shop\/wp-content\/uploads\/2026\/04\/S0fc3210c1fe34c88a45dfc135e543a055-1x1.webp 1w, https:\/\/exclusiveaddress.shop\/wp-content\/uploads\/2026\/04\/S0fc3210c1fe34c88a45dfc135e543a055-10x10.webp 10w\" sizes=\"auto, (max-width: 1500px) 100vw, 1500px\" \/>\t\t\t\t\t\t\t\t\t\t\t\t\t\t\t<\/div>\n\t\t\t\t<\/div>\n\t\t\t\t<div class=\"elementor-element elementor-element-4af558ea elementor-widget elementor-widget-image\" data-id=\"4af558ea\" data-element_type=\"widget\" data-settings=\"{&quot;ekit_we_effect_on&quot;:&quot;none&quot;}\" data-widget_type=\"image.default\">\n\t\t\t\t<div class=\"elementor-widget-container\">\n\t\t\t\t\t\t\t\t\t\t\t\t\t\t\t<img loading=\"lazy\" decoding=\"async\" width=\"1500\" height=\"1500\" src=\"https:\/\/exclusiveaddress.shop\/wp-content\/uploads\/2026\/04\/S12c875076f91436b81217f4e7c66e7bdI.webp\" class=\"attachment-full size-full wp-image-14508 wvs-archive-product-image\" alt=\"\" srcset=\"https:\/\/exclusiveaddress.shop\/wp-content\/uploads\/2026\/04\/S12c875076f91436b81217f4e7c66e7bdI.webp 1500w, https:\/\/exclusiveaddress.shop\/wp-content\/uploads\/2026\/04\/S12c875076f91436b81217f4e7c66e7bdI-300x300.webp 300w, https:\/\/exclusiveaddress.shop\/wp-content\/uploads\/2026\/04\/S12c875076f91436b81217f4e7c66e7bdI-1024x1024.webp 1024w, https:\/\/exclusiveaddress.shop\/wp-content\/uploads\/2026\/04\/S12c875076f91436b81217f4e7c66e7bdI-150x150.webp 150w, https:\/\/exclusiveaddress.shop\/wp-content\/uploads\/2026\/04\/S12c875076f91436b81217f4e7c66e7bdI-768x768.webp 768w, https:\/\/exclusiveaddress.shop\/wp-content\/uploads\/2026\/04\/S12c875076f91436b81217f4e7c66e7bdI-12x12.webp 12w, https:\/\/exclusiveaddress.shop\/wp-content\/uploads\/2026\/04\/S12c875076f91436b81217f4e7c66e7bdI-600x600.webp 600w, https:\/\/exclusiveaddress.shop\/wp-content\/uploads\/2026\/04\/S12c875076f91436b81217f4e7c66e7bdI-100x100.webp 100w, https:\/\/exclusiveaddress.shop\/wp-content\/uploads\/2026\/04\/S12c875076f91436b81217f4e7c66e7bdI-50x50.webp 50w, https:\/\/exclusiveaddress.shop\/wp-content\/uploads\/2026\/04\/S12c875076f91436b81217f4e7c66e7bdI-1x1.webp 1w, https:\/\/exclusiveaddress.shop\/wp-content\/uploads\/2026\/04\/S12c875076f91436b81217f4e7c66e7bdI-10x10.webp 10w\" sizes=\"auto, (max-width: 1500px) 100vw, 1500px\" \/>\t\t\t\t\t\t\t\t\t\t\t\t\t\t\t<\/div>\n\t\t\t\t<\/div>\n\t\t\t\t<div class=\"elementor-element elementor-element-5b44abde elementor-widget elementor-widget-image\" data-id=\"5b44abde\" data-element_type=\"widget\" data-settings=\"{&quot;ekit_we_effect_on&quot;:&quot;none&quot;}\" data-widget_type=\"image.default\">\n\t\t\t\t<div class=\"elementor-widget-container\">\n\t\t\t\t\t\t\t\t\t\t\t\t\t\t\t<img loading=\"lazy\" decoding=\"async\" width=\"1500\" height=\"1500\" src=\"https:\/\/exclusiveaddress.shop\/wp-content\/uploads\/2026\/04\/Sd8933c19feb54022a35cab6b5ead3a57L.webp\" class=\"attachment-full size-full wp-image-14509 wvs-archive-product-image\" alt=\"\" srcset=\"https:\/\/exclusiveaddress.shop\/wp-content\/uploads\/2026\/04\/Sd8933c19feb54022a35cab6b5ead3a57L.webp 1500w, https:\/\/exclusiveaddress.shop\/wp-content\/uploads\/2026\/04\/Sd8933c19feb54022a35cab6b5ead3a57L-300x300.webp 300w, https:\/\/exclusiveaddress.shop\/wp-content\/uploads\/2026\/04\/Sd8933c19feb54022a35cab6b5ead3a57L-1024x1024.webp 1024w, https:\/\/exclusiveaddress.shop\/wp-content\/uploads\/2026\/04\/Sd8933c19feb54022a35cab6b5ead3a57L-150x150.webp 150w, https:\/\/exclusiveaddress.shop\/wp-content\/uploads\/2026\/04\/Sd8933c19feb54022a35cab6b5ead3a57L-768x768.webp 768w, https:\/\/exclusiveaddress.shop\/wp-content\/uploads\/2026\/04\/Sd8933c19feb54022a35cab6b5ead3a57L-12x12.webp 12w, https:\/\/exclusiveaddress.shop\/wp-content\/uploads\/2026\/04\/Sd8933c19feb54022a35cab6b5ead3a57L-600x600.webp 600w, https:\/\/exclusiveaddress.shop\/wp-content\/uploads\/2026\/04\/Sd8933c19feb54022a35cab6b5ead3a57L-100x100.webp 100w, https:\/\/exclusiveaddress.shop\/wp-content\/uploads\/2026\/04\/Sd8933c19feb54022a35cab6b5ead3a57L-50x50.webp 50w, https:\/\/exclusiveaddress.shop\/wp-content\/uploads\/2026\/04\/Sd8933c19feb54022a35cab6b5ead3a57L-1x1.webp 1w, https:\/\/exclusiveaddress.shop\/wp-content\/uploads\/2026\/04\/Sd8933c19feb54022a35cab6b5ead3a57L-10x10.webp 10w\" sizes=\"auto, (max-width: 1500px) 100vw, 1500px\" \/>\t\t\t\t\t\t\t\t\t\t\t\t\t\t\t<\/div>\n\t\t\t\t<\/div>\n\t\t\t\t<div class=\"elementor-element elementor-element-5c9600cb elementor-widget elementor-widget-image\" data-id=\"5c9600cb\" data-element_type=\"widget\" data-settings=\"{&quot;ekit_we_effect_on&quot;:&quot;none&quot;}\" data-widget_type=\"image.default\">\n\t\t\t\t<div class=\"elementor-widget-container\">\n\t\t\t\t\t\t\t\t\t\t\t\t\t\t\t<img loading=\"lazy\" decoding=\"async\" width=\"1500\" height=\"1500\" src=\"https:\/\/exclusiveaddress.shop\/wp-content\/uploads\/2026\/04\/S50aa9b6cb6be4f2a9e8deb1116b2b46ck.webp\" class=\"attachment-full size-full wp-image-14510 wvs-archive-product-image\" alt=\"\" srcset=\"https:\/\/exclusiveaddress.shop\/wp-content\/uploads\/2026\/04\/S50aa9b6cb6be4f2a9e8deb1116b2b46ck.webp 1500w, https:\/\/exclusiveaddress.shop\/wp-content\/uploads\/2026\/04\/S50aa9b6cb6be4f2a9e8deb1116b2b46ck-300x300.webp 300w, https:\/\/exclusiveaddress.shop\/wp-content\/uploads\/2026\/04\/S50aa9b6cb6be4f2a9e8deb1116b2b46ck-1024x1024.webp 1024w, https:\/\/exclusiveaddress.shop\/wp-content\/uploads\/2026\/04\/S50aa9b6cb6be4f2a9e8deb1116b2b46ck-150x150.webp 150w, https:\/\/exclusiveaddress.shop\/wp-content\/uploads\/2026\/04\/S50aa9b6cb6be4f2a9e8deb1116b2b46ck-768x768.webp 768w, https:\/\/exclusiveaddress.shop\/wp-content\/uploads\/2026\/04\/S50aa9b6cb6be4f2a9e8deb1116b2b46ck-12x12.webp 12w, https:\/\/exclusiveaddress.shop\/wp-content\/uploads\/2026\/04\/S50aa9b6cb6be4f2a9e8deb1116b2b46ck-600x600.webp 600w, https:\/\/exclusiveaddress.shop\/wp-content\/uploads\/2026\/04\/S50aa9b6cb6be4f2a9e8deb1116b2b46ck-100x100.webp 100w, https:\/\/exclusiveaddress.shop\/wp-content\/uploads\/2026\/04\/S50aa9b6cb6be4f2a9e8deb1116b2b46ck-50x50.webp 50w, https:\/\/exclusiveaddress.shop\/wp-content\/uploads\/2026\/04\/S50aa9b6cb6be4f2a9e8deb1116b2b46ck-1x1.webp 1w, https:\/\/exclusiveaddress.shop\/wp-content\/uploads\/2026\/04\/S50aa9b6cb6be4f2a9e8deb1116b2b46ck-10x10.webp 10w\" sizes=\"auto, (max-width: 1500px) 100vw, 1500px\" \/>\t\t\t\t\t\t\t\t\t\t\t\t\t\t\t<\/div>\n\t\t\t\t<\/div>\n\t\t\t\t<div class=\"elementor-element elementor-element-9884e1f elementor-widget elementor-widget-image\" data-id=\"9884e1f\" data-element_type=\"widget\" data-settings=\"{&quot;ekit_we_effect_on&quot;:&quot;none&quot;}\" data-widget_type=\"image.default\">\n\t\t\t\t<div class=\"elementor-widget-container\">\n\t\t\t\t\t\t\t\t\t\t\t\t\t\t\t<img loading=\"lazy\" decoding=\"async\" width=\"1497\" height=\"1500\" src=\"https:\/\/exclusiveaddress.shop\/wp-content\/uploads\/2026\/04\/81wqFJbt-eL._AC_SL1500_.webp\" class=\"attachment-full size-full wp-image-14511 wvs-archive-product-image\" alt=\"\" srcset=\"https:\/\/exclusiveaddress.shop\/wp-content\/uploads\/2026\/04\/81wqFJbt-eL._AC_SL1500_.webp 1497w, https:\/\/exclusiveaddress.shop\/wp-content\/uploads\/2026\/04\/81wqFJbt-eL._AC_SL1500_-300x300.webp 300w, https:\/\/exclusiveaddress.shop\/wp-content\/uploads\/2026\/04\/81wqFJbt-eL._AC_SL1500_-1022x1024.webp 1022w, https:\/\/exclusiveaddress.shop\/wp-content\/uploads\/2026\/04\/81wqFJbt-eL._AC_SL1500_-150x150.webp 150w, https:\/\/exclusiveaddress.shop\/wp-content\/uploads\/2026\/04\/81wqFJbt-eL._AC_SL1500_-768x770.webp 768w, https:\/\/exclusiveaddress.shop\/wp-content\/uploads\/2026\/04\/81wqFJbt-eL._AC_SL1500_-12x12.webp 12w, https:\/\/exclusiveaddress.shop\/wp-content\/uploads\/2026\/04\/81wqFJbt-eL._AC_SL1500_-600x601.webp 600w, https:\/\/exclusiveaddress.shop\/wp-content\/uploads\/2026\/04\/81wqFJbt-eL._AC_SL1500_-100x100.webp 100w, https:\/\/exclusiveaddress.shop\/wp-content\/uploads\/2026\/04\/81wqFJbt-eL._AC_SL1500_-50x50.webp 50w, https:\/\/exclusiveaddress.shop\/wp-content\/uploads\/2026\/04\/81wqFJbt-eL._AC_SL1500_-1x1.webp 1w, https:\/\/exclusiveaddress.shop\/wp-content\/uploads\/2026\/04\/81wqFJbt-eL._AC_SL1500_-10x10.webp 10w\" sizes=\"auto, (max-width: 1497px) 100vw, 1497px\" \/>\t\t\t\t\t\t\t\t\t\t\t\t\t\t\t<\/div>\n\t\t\t\t<\/div>\n\t\t\t\t<div class=\"elementor-element elementor-element-17b416e3 elementor-widget elementor-widget-image\" data-id=\"17b416e3\" data-element_type=\"widget\" data-settings=\"{&quot;ekit_we_effect_on&quot;:&quot;none&quot;}\" data-widget_type=\"image.default\">\n\t\t\t\t<div class=\"elementor-widget-container\">\n\t\t\t\t\t\t\t\t\t\t\t\t\t\t\t<img loading=\"lazy\" decoding=\"async\" width=\"1500\" height=\"1500\" src=\"https:\/\/exclusiveaddress.shop\/wp-content\/uploads\/2026\/04\/S31e74f4c720f4ffca6074139068454a8F.webp\" class=\"attachment-full size-full wp-image-14512 wvs-archive-product-image\" alt=\"\" srcset=\"https:\/\/exclusiveaddress.shop\/wp-content\/uploads\/2026\/04\/S31e74f4c720f4ffca6074139068454a8F.webp 1500w, https:\/\/exclusiveaddress.shop\/wp-content\/uploads\/2026\/04\/S31e74f4c720f4ffca6074139068454a8F-300x300.webp 300w, https:\/\/exclusiveaddress.shop\/wp-content\/uploads\/2026\/04\/S31e74f4c720f4ffca6074139068454a8F-1024x1024.webp 1024w, https:\/\/exclusiveaddress.shop\/wp-content\/uploads\/2026\/04\/S31e74f4c720f4ffca6074139068454a8F-150x150.webp 150w, https:\/\/exclusiveaddress.shop\/wp-content\/uploads\/2026\/04\/S31e74f4c720f4ffca6074139068454a8F-768x768.webp 768w, https:\/\/exclusiveaddress.shop\/wp-content\/uploads\/2026\/04\/S31e74f4c720f4ffca6074139068454a8F-12x12.webp 12w, https:\/\/exclusiveaddress.shop\/wp-content\/uploads\/2026\/04\/S31e74f4c720f4ffca6074139068454a8F-600x600.webp 600w, https:\/\/exclusiveaddress.shop\/wp-content\/uploads\/2026\/04\/S31e74f4c720f4ffca6074139068454a8F-100x100.webp 100w, https:\/\/exclusiveaddress.shop\/wp-content\/uploads\/2026\/04\/S31e74f4c720f4ffca6074139068454a8F-50x50.webp 50w, https:\/\/exclusiveaddress.shop\/wp-content\/uploads\/2026\/04\/S31e74f4c720f4ffca6074139068454a8F-1x1.webp 1w, https:\/\/exclusiveaddress.shop\/wp-content\/uploads\/2026\/04\/S31e74f4c720f4ffca6074139068454a8F-10x10.webp 10w\" sizes=\"auto, (max-width: 1500px) 100vw, 1500px\" \/>\t\t\t\t\t\t\t\t\t\t\t\t\t\t\t<\/div>\n\t\t\t\t<\/div>\n\t\t\t\t<div class=\"elementor-element elementor-element-1b267048 elementor-widget elementor-widget-text-editor\" data-id=\"1b267048\" data-element_type=\"widget\" data-settings=\"{&quot;ekit_we_effect_on&quot;:&quot;none&quot;}\" data-widget_type=\"text-editor.default\">\n\t\t\t\t<div class=\"elementor-widget-container\">\n\t\t\t\t\t\t\t\t\t<!DOCTYPE html>\n<html lang=\"de\">\n<head>\n<meta charset=\"UTF-8\">\n<meta name=\"viewport\" content=\"width=device-width, initial-scale=1.0\">\n<title>Produktdetails<\/title>\n<style>\n  * {\n    margin: 0;\n    padding: 0;\n    box-sizing: border-box;\n  }\n  body {\n    background: transparent;\n    font-family: 'Inter', 'Segoe UI', system-ui, sans-serif;\n  }\n  .spec-table {\n    width: 100%;\n    border-collapse: collapse;\n    font-size: 14px;\n    line-height: 1.8;\n  }\n  .spec-table tr {\n    border-bottom: 1px solid #e6eef7;\n  }\n  .spec-table td:nth-child(1),\n  .spec-table td:nth-child(3) {\n    width: 20%;\n    font-weight: 500;\n    color: #2d70b3;\n    background: #f5f9ff;\n    padding: 12px 14px;\n    text-align: left;\n    vertical-align: top;\n  }\n  .spec-table td:nth-child(2),\n  .spec-table td:nth-child(4) {\n    width: 30%;\n    color: #333;\n    background: #fff;\n    padding: 12px 14px;\n    text-align: left;\n    vertical-align: top;\n  }\n<\/style>\n<\/head>\n<body>\n\n<table class=\"spec-table\">\n  <tr>\n    <td>Produkt<\/td>\n    <td>Toilettenpapier<\/td>\n    <td>Anzahl<\/td>\n    <td>64 Rollen<\/td>\n  <\/tr>\n  <tr>\n    <td>Lagen<\/td>\n    <td>3-lagig<\/td>\n    <td>Material<\/td>\n    <td>Zellulose<\/td>\n  <\/tr>\n  <tr>\n    <td>Bl\u00e4tter<\/td>\n    <td>150 Bl\u00e4tter pro Rolle<\/td>\n    <td>Farbe<\/td>\n    <td>Wei\u00df<\/td>\n  <\/tr>\n  <tr>\n    <td>Eigenschaft<\/td>\n    <td>Weich und saugf\u00e4hig<\/td>\n    <td>Verwendung<\/td>\n    <td>Privathaushalt &amp; Alltag<\/td>\n  <\/tr>\n<\/table>\n\n<\/body>\n<\/html>\t\t\t\t\t\t\t\t<\/div>\n\t\t\t\t<\/div>\n\t\t\t\t\t<\/div>\n\t\t\t\t<\/div>\n\t\t\t\t<\/div>","protected":false},"excerpt":{"rendered":"<p>Produktdetails Produkt Toilettenpapier Anzahl 64 Rollen Lagen 3-lagig Material Zellulose Bl\u00e4tter 150 Bl\u00e4tter pro Rolle Farbe Wei\u00df Eigenschaft Weich und&#8230;<\/p>","protected":false},"featured_media":14216,"comment_status":"open","ping_status":"closed","template":"","meta":{"_acf_changed":false},"etheme_brands":[],"product_brand":[],"product_cat":[118],"product_tag":[],"class_list":{"0":"post-14503","1":"product","2":"type-product","3":"status-publish","4":"has-post-thumbnail","6":"product_cat-sale-shop","8":"first","9":"instock","10":"sale","11":"shipping-taxable","12":"purchasable","13":"product-type-simple"},"acf":[],"_links":{"self":[{"href":"https:\/\/exclusiveaddress.shop\/de\/wp-json\/wp\/v2\/product\/14503","targetHints":{"allow":["GET"]}}],"collection":[{"href":"https:\/\/exclusiveaddress.shop\/de\/wp-json\/wp\/v2\/product"}],"about":[{"href":"https:\/\/exclusiveaddress.shop\/de\/wp-json\/wp\/v2\/types\/product"}],"replies":[{"embeddable":true,"href":"https:\/\/exclusiveaddress.shop\/de\/wp-json\/wp\/v2\/comments?post=14503"}],"version-history":[{"count":4,"href":"https:\/\/exclusiveaddress.shop\/de\/wp-json\/wp\/v2\/product\/14503\/revisions"}],"predecessor-version":[{"id":14520,"href":"https:\/\/exclusiveaddress.shop\/de\/wp-json\/wp\/v2\/product\/14503\/revisions\/14520"}],"wp:featuredmedia":[{"embeddable":true,"href":"https:\/\/exclusiveaddress.shop\/de\/wp-json\/wp\/v2\/media\/14216"}],"wp:attachment":[{"href":"https:\/\/exclusiveaddress.shop\/de\/wp-json\/wp\/v2\/media?parent=14503"}],"wp:term":[{"taxonomy":"brand","embeddable":true,"href":"https:\/\/exclusiveaddress.shop\/de\/wp-json\/wp\/v2\/etheme_brands?post=14503"},{"taxonomy":"product_brand","embeddable":true,"href":"https:\/\/exclusiveaddress.shop\/de\/wp-json\/wp\/v2\/product_brand?post=14503"},{"taxonomy":"product_cat","embeddable":true,"href":"https:\/\/exclusiveaddress.shop\/de\/wp-json\/wp\/v2\/product_cat?post=14503"},{"taxonomy":"product_tag","embeddable":true,"href":"https:\/\/exclusiveaddress.shop\/de\/wp-json\/wp\/v2\/product_tag?post=14503"}],"curies":[{"name":"wp","href":"https:\/\/api.w.org\/{rel}","templated":true}]}}